{"id":23327,"date":"2021-05-19T17:51:37","date_gmt":"2021-05-19T22:51:37","guid":{"rendered":"https:\/\/mascolombia.com\/quienes-somos\/"},"modified":"2023-06-28T11:26:42","modified_gmt":"2023-06-28T16:26:42","slug":"quienes-somos","status":"publish","type":"page","link":"https:\/\/mascolombia.com\/en\/quienes-somos\/","title":{"rendered":"Who we are"},"content":{"rendered":"\n<p>We are a news portal specialized in industrial, agricultural, tourism and mining production that generates employment and wealth in the country. Mostramos la realidad econ\u00f3mica nacional desde una mirada que tiene en cuenta la producci\u00f3n de peque\u00f1a, mediana y gran escala, as\u00ed como los distintos actores sociales involucrados en ella.<\/p>\n\n<p>Buscamos contribuir al debate nacional con un enfoque independiente, balanceado, riguroso y profundo, que parte de reconocer que Colombia tiene un gran potencial industrial, agropecuario y tur\u00edstico que no est\u00e1 logrando desplegar a cabalidad. El lector encuentra noticias con un tratamiento objetivo de los datos y las cifras. Estas, sumadas a lecturas diversas de la realidad por parte de columnistas expertos en una gran variedad de temas, le permiten comprender mejor los desaf\u00edos que enfrentamos como pa\u00eds.<\/p>\n\n<p>En concreto, nos planteamos cuatro objetivos fundamentales:<\/p>\n\n<ol class=\"wp-block-list\"><li>Visibilizar los aportes, avances y logros de los sectores productivos, as\u00ed como los desaf\u00edos que estos enfrentan.<\/li><li>Propiciar el di\u00e1logo y los puntos de encuentro entre empresarios y trabajadores.<\/li><li>Promover el debate sobre la realidad econ\u00f3mica del pa\u00eds y sobre la Globalizaci\u00f3n, en beneficio de una mayor creaci\u00f3n de riqueza y de fuentes de empleo, con sostenibilidad.<\/li><li>Ser un referente en la construcci\u00f3n de pol\u00edticas p\u00fablicas y una fuente de informaci\u00f3n para otros medios de comunicaci\u00f3n.<\/li><\/ol>\n","protected":false},"excerpt":{"rendered":"<p>We are a news portal specialized in industrial, agricultural, tourism and mining production that generates employment and wealth in the country. Mostramos la realidad econ\u00f3mica nacional desde una mirada que tiene en cuenta la producci\u00f3n de peque\u00f1a, mediana y gran escala, as\u00ed como los distintos actores sociales involucrados en ella. Buscamos contribuir al debate nacional [&hellip;]<\/p>\n","protected":false},"author":1,"featured_media":20101,"parent":0,"menu_order":0,"comment_status":"closed","ping_status":"closed","template":"page-image.php","meta":{"_acf_changed":false,"footnotes":""},"class_list":["post-23327","page","type-page","status-publish","has-post-thumbnail","hentry"],"acf":[],"amp_enabled":true,"_links":{"self":[{"href":"https:\/\/mascolombia.com\/en\/wp-json\/wp\/v2\/pages\/23327","targetHints":{"allow":["GET"]}}],"collection":[{"href":"https:\/\/mascolombia.com\/en\/wp-json\/wp\/v2\/pages"}],"about":[{"href":"https:\/\/mascolombia.com\/en\/wp-json\/wp\/v2\/types\/page"}],"author":[{"embeddable":true,"href":"https:\/\/mascolombia.com\/en\/wp-json\/wp\/v2\/users\/1"}],"replies":[{"embeddable":true,"href":"https:\/\/mascolombia.com\/en\/wp-json\/wp\/v2\/comments?post=23327"}],"version-history":[{"count":0,"href":"https:\/\/mascolombia.com\/en\/wp-json\/wp\/v2\/pages\/23327\/revisions"}],"wp:featuredmedia":[{"embeddable":true,"href":"https:\/\/mascolombia.com\/en\/wp-json\/wp\/v2\/media\/20101"}],"wp:attachment":[{"href":"https:\/\/mascolombia.com\/en\/wp-json\/wp\/v2\/media?parent=23327"}],"curies":[{"name":"wp","href":"https:\/\/api.w.org\/{rel}","templated":true}]}}